{"id":4383,"date":"2026-03-31T17:58:57","date_gmt":"2026-03-31T15:58:57","guid":{"rendered":"https:\/\/createdbygabby.hu\/?post_type=product&#038;p=4383"},"modified":"2026-03-31T18:09:21","modified_gmt":"2026-03-31T16:09:21","slug":"liquitex-matt-gel-medium","status":"publish","type":"product","link":"https:\/\/createdbygabby.hu\/en\/product\/liquitex-matt-gel-medium\/","title":{"rendered":"Liquitex Matt Gel Medium"},"content":{"rendered":"<p>Ez a m\u00e9dium s\u0171r\u00edti a fest\u00e9ket, minim\u00e1lisan lass\u00edtja a sz\u00e1rad\u00e1st, \u00f6nmag\u00e1ban szintelenre sz\u00e1rad. N\u00f6veli a fest\u00e9k transzparenci\u00e1j\u00e1t \u00e9s matt\u00edtja azt.<\/p>\n<p>Aj\u00e1nlat: mandala fest\u00e9shez szinte minden matt fest\u00e9khez aj\u00e1nlom, mivel a gy\u00e1ri \u00e1llapot\u00e1ban k\u00f6z\u00e9p s\u0171r\u0171s\u00e9g\u0171. Aki mandala minta fest\u00e9shez haszn\u00e1lja, egy ekkora kiszerel\u00e9s sok\u00e1ig el\u00e9g \u00edgy gazdas\u00e1gos is.<\/p>\n<p>Ha szeretn\u00e9d tudni mennyire kell s\u0171r\u00edteni ha mandala fest\u00e9hez szeretn\u00e9d haszn\u00e1lni n\u00e9zd meg az al\u00e1bbi vie\u00f3m: https:\/\/www.youtube.com\/watch?v=W67tf6TB8aE&amp;t=3s<\/p>","protected":false},"excerpt":{"rendered":"<p>Ez a m\u00e9dium s\u0171r\u00edti a fest\u00e9ket, minim\u00e1lisan lass\u00edtja a sz\u00e1rad\u00e1st, \u00f6nmag\u00e1ban szintelenre sz\u00e1rad. N\u00f6veli a fest\u00e9k transzparenci\u00e1j\u00e1t \u00e9s matt\u00edtja azt. Aj\u00e1nlat: mandala fest\u00e9shez szinte minden matt fest\u00e9khez aj\u00e1nlom, mivel a gy\u00e1ri \u00e1llapot\u00e1ban k\u00f6z\u00e9p s\u0171r\u0171s\u00e9g\u0171. Aki mandala minta fest\u00e9shez haszn\u00e1lja, egy ekkora kiszerel\u00e9s sok\u00e1ig el\u00e9g \u00edgy gazdas\u00e1gos is. Ha szeretn\u00e9d tudni mennyire kell s\u0171r\u00edteni ha mandala fest\u00e9hez szeretn\u00e9d haszn\u00e1lni n\u00e9zd meg az al\u00e1bbi vie\u00f3m: https:\/\/www.youtube.com\/watch?v=W67tf6TB8aE&amp;t=3s<\/p>","protected":false},"featured_media":4384,"comment_status":"open","ping_status":"closed","template":"","meta":{"site-sidebar-layout":"default","site-content-layout":"","ast-site-content-layout":"default","site-content-style":"default","site-sidebar-style":"default","ast-global-header-display":"","ast-banner-title-visibility":"","ast-main-header-display":"","ast-hfb-above-header-display":"","ast-hfb-below-header-display":"","ast-hfb-mobile-header-display":"","site-post-title":"","ast-breadcrumbs-content":"","ast-featured-img":"","footer-sml-layout":"","theme-transparent-header-meta":"default","adv-header-id-meta":"","stick-header-meta":"","header-above-stick-meta":"","header-main-stick-meta":"","header-below-stick-meta":"","astra-migrate-meta-layouts":"set","ast-page-background-enabled":"default","ast-page-background-meta":{"desktop":{"background-color":"var(--ast-global-color-5)","background-image":"","background-repeat":"repeat","background-position":"center center","background-size":"auto","background-attachment":"scroll","background-type":"","background-media":"","overlay-type":"","overlay-color":"","overlay-opacity":"","overlay-gradient":""},"tablet":{"background-color":"","background-image":"","background-repeat":"repeat","background-position":"center center","background-size":"auto","background-attachment":"scroll","background-type":"","background-media":"","overlay-type":"","overlay-color":"","overlay-opacity":"","overlay-gradient":""},"mobile":{"background-color":"","background-image":"","background-repeat":"repeat","background-position":"center center","background-size":"auto","background-attachment":"scroll","background-type":"","background-media":"","overlay-type":"","overlay-color":"","overlay-opacity":"","overlay-gradient":""}},"ast-content-background-meta":{"desktop":{"background-color":"var(--ast-global-color-4)","background-image":"","background-repeat":"repeat","background-position":"center center","background-size":"auto","background-attachment":"scroll","background-type":"","background-media":"","overlay-type":"","overlay-color":"","overlay-opacity":"","overlay-gradient":""},"tablet":{"background-color":"var(--ast-global-color-4)","background-image":"","background-repeat":"repeat","background-position":"center center","background-size":"auto","background-attachment":"scroll","background-type":"","background-media":"","overlay-type":"","overlay-color":"","overlay-opacity":"","overlay-gradient":""},"mobile":{"background-color":"var(--ast-global-color-4)","background-image":"","background-repeat":"repeat","background-position":"center center","background-size":"auto","background-attachment":"scroll","background-type":"","background-media":"","overlay-type":"","overlay-color":"","overlay-opacity":"","overlay-gradient":""}}},"product_brand":[],"product_cat":[93],"product_tag":[],"class_list":{"0":"post-4383","1":"product","2":"type-product","3":"status-publish","4":"has-post-thumbnail","6":"product_cat-higito","7":"desktop-align-left","8":"tablet-align-left","9":"mobile-align-left","11":"first","12":"instock","13":"shipping-taxable","14":"purchasable","15":"product-type-simple"},"_links":{"self":[{"href":"https:\/\/createdbygabby.hu\/en\/wp-json\/wp\/v2\/product\/4383","targetHints":{"allow":["GET"]}}],"collection":[{"href":"https:\/\/createdbygabby.hu\/en\/wp-json\/wp\/v2\/product"}],"about":[{"href":"https:\/\/createdbygabby.hu\/en\/wp-json\/wp\/v2\/types\/product"}],"replies":[{"embeddable":true,"href":"https:\/\/createdbygabby.hu\/en\/wp-json\/wp\/v2\/comments?post=4383"}],"wp:featuredmedia":[{"embeddable":true,"href":"https:\/\/createdbygabby.hu\/en\/wp-json\/wp\/v2\/media\/4384"}],"wp:attachment":[{"href":"https:\/\/createdbygabby.hu\/en\/wp-json\/wp\/v2\/media?parent=4383"}],"wp:term":[{"taxonomy":"product_brand","embeddable":true,"href":"https:\/\/createdbygabby.hu\/en\/wp-json\/wp\/v2\/product_brand?post=4383"},{"taxonomy":"product_cat","embeddable":true,"href":"https:\/\/createdbygabby.hu\/en\/wp-json\/wp\/v2\/product_cat?post=4383"},{"taxonomy":"product_tag","embeddable":true,"href":"https:\/\/createdbygabby.hu\/en\/wp-json\/wp\/v2\/product_tag?post=4383"}],"curies":[{"name":"wp","href":"https:\/\/api.w.org\/{rel}","templated":true}]}}