{"id":4381,"date":"2026-03-31T17:37:38","date_gmt":"2026-03-31T15:37:38","guid":{"rendered":"https:\/\/createdbygabby.hu\/?post_type=product&#038;p=4381"},"modified":"2026-04-16T11:15:19","modified_gmt":"2026-04-16T09:15:19","slug":"liquitex-gloss-gel-medium","status":"publish","type":"product","link":"https:\/\/createdbygabby.hu\/en\/product\/liquitex-gloss-gel-medium\/","title":{"rendered":"Liquitex Gloss Gel Medium"},"content":{"rendered":"<p>Vastag\u00edtja, s\u0171r\u00edti a fest\u00e9ket, mag\u00e1ban szintelenre sz\u00e1rad. N\u00f6veli a fest\u00e9k transzparenci\u00e1j\u00e1t \u00e9s f\u00e9nyess\u00e9g\u00e9t, kiss\u00e9 lass\u00edtja a sz\u00e1rad\u00e1si id\u0151t.<\/p>\n<p>Aj\u00e1nlat: Mandala fest\u00e9shez az \u00f6sszes nem matt deco art americana fest\u00e9khez (szat\u00e9n, met\u00e1l stb.) aj\u00e1nlom, sz\u00e9p f\u00e9nyt ad a fest\u00e9knek \u00e9s \u00fagy is sz\u00e1rad meg.<\/p>","protected":false},"excerpt":{"rendered":"<p>Vastag\u00edtja, s\u0171r\u00edti a fest\u00e9ket, mag\u00e1ban szintelenre sz\u00e1rad. N\u00f6veli a fest\u00e9k transzparenci\u00e1j\u00e1t \u00e9s f\u00e9nyess\u00e9g\u00e9t, kiss\u00e9 lass\u00edtja a sz\u00e1rad\u00e1si id\u0151t. Aj\u00e1nlat: Mandala fest\u00e9shez az \u00f6sszes nem matt deco art americana fest\u00e9khez (szat\u00e9n, met\u00e1l stb.) aj\u00e1nlom, sz\u00e9p f\u00e9nyt ad a fest\u00e9knek \u00e9s \u00fagy is sz\u00e1rad meg.<\/p>","protected":false},"featured_media":4388,"comment_status":"open","ping_status":"closed","template":"","meta":{"site-sidebar-layout":"default","site-content-layout":"","ast-site-content-layout":"default","site-content-style":"default","site-sidebar-style":"default","ast-global-header-display":"","ast-banner-title-visibility":"","ast-main-header-display":"","ast-hfb-above-header-display":"","ast-hfb-below-header-display":"","ast-hfb-mobile-header-display":"","site-post-title":"","ast-breadcrumbs-content":"","ast-featured-img":"","footer-sml-layout":"","theme-transparent-header-meta":"default","adv-header-id-meta":"","stick-header-meta":"","header-above-stick-meta":"","header-main-stick-meta":"","header-below-stick-meta":"","astra-migrate-meta-layouts":"set","ast-page-background-enabled":"default","ast-page-background-meta":{"desktop":{"background-color":"var(--ast-global-color-5)","background-image":"","background-repeat":"repeat","background-position":"center center","background-size":"auto","background-attachment":"scroll","background-type":"","background-media":"","overlay-type":"","overlay-color":"","overlay-opacity":"","overlay-gradient":""},"tablet":{"background-color":"","background-image":"","background-repeat":"repeat","background-position":"center center","background-size":"auto","background-attachment":"scroll","background-type":"","background-media":"","overlay-type":"","overlay-color":"","overlay-opacity":"","overlay-gradient":""},"mobile":{"background-color":"","background-image":"","background-repeat":"repeat","background-position":"center center","background-size":"auto","background-attachment":"scroll","background-type":"","background-media":"","overlay-type":"","overlay-color":"","overlay-opacity":"","overlay-gradient":""}},"ast-content-background-meta":{"desktop":{"background-color":"var(--ast-global-color-4)","background-image":"","background-repeat":"repeat","background-position":"center center","background-size":"auto","background-attachment":"scroll","background-type":"","background-media":"","overlay-type":"","overlay-color":"","overlay-opacity":"","overlay-gradient":""},"tablet":{"background-color":"var(--ast-global-color-4)","background-image":"","background-repeat":"repeat","background-position":"center center","background-size":"auto","background-attachment":"scroll","background-type":"","background-media":"","overlay-type":"","overlay-color":"","overlay-opacity":"","overlay-gradient":""},"mobile":{"background-color":"var(--ast-global-color-4)","background-image":"","background-repeat":"repeat","background-position":"center center","background-size":"auto","background-attachment":"scroll","background-type":"","background-media":"","overlay-type":"","overlay-color":"","overlay-opacity":"","overlay-gradient":""}}},"product_brand":[],"product_cat":[93],"product_tag":[],"class_list":{"0":"post-4381","1":"product","2":"type-product","3":"status-publish","4":"has-post-thumbnail","6":"product_cat-higito","7":"desktop-align-left","8":"tablet-align-left","9":"mobile-align-left","11":"first","12":"outofstock","13":"shipping-taxable","14":"purchasable","15":"product-type-simple"},"_links":{"self":[{"href":"https:\/\/createdbygabby.hu\/en\/wp-json\/wp\/v2\/product\/4381","targetHints":{"allow":["GET"]}}],"collection":[{"href":"https:\/\/createdbygabby.hu\/en\/wp-json\/wp\/v2\/product"}],"about":[{"href":"https:\/\/createdbygabby.hu\/en\/wp-json\/wp\/v2\/types\/product"}],"replies":[{"embeddable":true,"href":"https:\/\/createdbygabby.hu\/en\/wp-json\/wp\/v2\/comments?post=4381"}],"wp:featuredmedia":[{"embeddable":true,"href":"https:\/\/createdbygabby.hu\/en\/wp-json\/wp\/v2\/media\/4388"}],"wp:attachment":[{"href":"https:\/\/createdbygabby.hu\/en\/wp-json\/wp\/v2\/media?parent=4381"}],"wp:term":[{"taxonomy":"product_brand","embeddable":true,"href":"https:\/\/createdbygabby.hu\/en\/wp-json\/wp\/v2\/product_brand?post=4381"},{"taxonomy":"product_cat","embeddable":true,"href":"https:\/\/createdbygabby.hu\/en\/wp-json\/wp\/v2\/product_cat?post=4381"},{"taxonomy":"product_tag","embeddable":true,"href":"https:\/\/createdbygabby.hu\/en\/wp-json\/wp\/v2\/product_tag?post=4381"}],"curies":[{"name":"wp","href":"https:\/\/api.w.org\/{rel}","templated":true}]}}