{"id":4313,"date":"2026-03-30T18:21:34","date_gmt":"2026-03-30T16:21:34","guid":{"rendered":"https:\/\/createdbygabby.hu\/?post_type=product&#038;p=4313"},"modified":"2026-03-30T20:14:22","modified_gmt":"2026-03-30T18:14:22","slug":"ajandekkartya","status":"publish","type":"product","link":"https:\/\/createdbygabby.hu\/en\/product\/ajandekkartya\/","title":{"rendered":"Aj\u00e1nd\u00e9kk\u00e1rtya mandala fest\u0151 workshopra"},"content":{"rendered":"<p>Aj\u00e1nd\u00e9kozz \u00e9lm\u00e9nyt! \ud83d\ude42<\/p>\n<p>Ezt a k\u00e1rty\u00e1t megv\u00e1s\u00e1rolva aj\u00e1nd\u00e9kba adhatod a mandala fest\u0151 workshop \u00e9lm\u00e9ny b\u00e1rmelyik\u00e9t a Created By Gabby \u00e1ltal tartott workshopra.<\/p>\n<p>A k\u00e1rtya felhaszn\u00e1lhat\u00f3 a v\u00e1s\u00e1rl\u00e1s d\u00e1tum\u00e1nak f\u00fcggv\u00e9ny\u00e9ben. Az adott v\u00e1s\u00e1rl\u00e1s \u00e9v\u00e9ben annak december 31-i d\u00e1tum\u00e1ig, illetve Okt\u00f3ber 1-t\u0151l v\u00e1s\u00e1rolt k\u00e1rtya a k\u00f6vetkez\u0151 \u00e9v december 31-ig \u00e9rv\u00e9nyes.<\/p>\n<p>Ha megv\u00e1s\u00e1roltad post\u00e1n k\u00fcld\u00f6m el hozz\u00e1d a felhaszn\u00e1lhat\u00f3 d\u00e1tummal ell\u00e1tva, kis borit\u00e9kban amiben Te is \u00e1tadhatod \u00e9s m\u00e9g mell\u00e9kelhetsz hozz\u00e1 m\u00e1st is.<\/p>\n<p>Enn\u00e9l a term\u00e9kn\u00e9l nem ker\u00fcl felsz\u00e1m\u00edt\u00e1sra sz\u00e1ll\u00edt\u00e1si, illetve posta k\u00f6lts\u00e9g.<\/p>","protected":false},"excerpt":{"rendered":"<p>Aj\u00e1nd\u00e9kozz \u00e9lm\u00e9nyt! \ud83d\ude42 Ezt a k\u00e1rty\u00e1t megv\u00e1s\u00e1rolva aj\u00e1nd\u00e9kba adhatod a mandala fest\u0151 workshop \u00e9lm\u00e9ny b\u00e1rmelyik\u00e9t a Created By Gabby \u00e1ltal tartott workshopra. A k\u00e1rtya felhaszn\u00e1lhat\u00f3 a v\u00e1s\u00e1rl\u00e1s d\u00e1tum\u00e1nak f\u00fcggv\u00e9ny\u00e9ben. Az adott v\u00e1s\u00e1rl\u00e1s \u00e9v\u00e9ben annak december 31-i d\u00e1tum\u00e1ig, illetve Okt\u00f3ber 1-t\u0151l v\u00e1s\u00e1rolt k\u00e1rtya a k\u00f6vetkez\u0151 \u00e9v december 31-ig \u00e9rv\u00e9nyes. Ha megv\u00e1s\u00e1roltad post\u00e1n k\u00fcld\u00f6m el hozz\u00e1d a felhaszn\u00e1lhat\u00f3 d\u00e1tummal ell\u00e1tva, kis borit\u00e9kban amiben Te is \u00e1tadhatod \u00e9s m\u00e9g mell\u00e9kelhetsz hozz\u00e1 m\u00e1st is. Enn\u00e9l a term\u00e9kn\u00e9l nem ker\u00fcl felsz\u00e1m\u00edt\u00e1sra sz\u00e1ll\u00edt\u00e1si, illetve posta k\u00f6lts\u00e9g.<\/p>","protected":false},"featured_media":4375,"comment_status":"open","ping_status":"closed","template":"","meta":{"site-sidebar-layout":"default","site-content-layout":"","ast-site-content-layout":"default","site-content-style":"default","site-sidebar-style":"default","ast-global-header-display":"","ast-banner-title-visibility":"","ast-main-header-display":"","ast-hfb-above-header-display":"","ast-hfb-below-header-display":"","ast-hfb-mobile-header-display":"","site-post-title":"","ast-breadcrumbs-content":"","ast-featured-img":"","footer-sml-layout":"","theme-transparent-header-meta":"default","adv-header-id-meta":"","stick-header-meta":"","header-above-stick-meta":"","header-main-stick-meta":"","header-below-stick-meta":"","astra-migrate-meta-layouts":"set","ast-page-background-enabled":"default","ast-page-background-meta":{"desktop":{"background-color":"var(--ast-global-color-5)","background-image":"","background-repeat":"repeat","background-position":"center center","background-size":"auto","background-attachment":"scroll","background-type":"","background-media":"","overlay-type":"","overlay-color":"","overlay-opacity":"","overlay-gradient":""},"tablet":{"background-color":"","background-image":"","background-repeat":"repeat","background-position":"center center","background-size":"auto","background-attachment":"scroll","background-type":"","background-media":"","overlay-type":"","overlay-color":"","overlay-opacity":"","overlay-gradient":""},"mobile":{"background-color":"","background-image":"","background-repeat":"repeat","background-position":"center center","background-size":"auto","background-attachment":"scroll","background-type":"","background-media":"","overlay-type":"","overlay-color":"","overlay-opacity":"","overlay-gradient":""}},"ast-content-background-meta":{"desktop":{"background-color":"var(--ast-global-color-4)","background-image":"","background-repeat":"repeat","background-position":"center center","background-size":"auto","background-attachment":"scroll","background-type":"","background-media":"","overlay-type":"","overlay-color":"","overlay-opacity":"","overlay-gradient":""},"tablet":{"background-color":"var(--ast-global-color-4)","background-image":"","background-repeat":"repeat","background-position":"center center","background-size":"auto","background-attachment":"scroll","background-type":"","background-media":"","overlay-type":"","overlay-color":"","overlay-opacity":"","overlay-gradient":""},"mobile":{"background-color":"var(--ast-global-color-4)","background-image":"","background-repeat":"repeat","background-position":"center center","background-size":"auto","background-attachment":"scroll","background-type":"","background-media":"","overlay-type":"","overlay-color":"","overlay-opacity":"","overlay-gradient":""}}},"product_brand":[],"product_cat":[91],"product_tag":[],"class_list":{"0":"post-4313","1":"product","2":"type-product","3":"status-publish","4":"has-post-thumbnail","6":"product_cat-digitalis-termekek","7":"desktop-align-left","8":"tablet-align-left","9":"mobile-align-left","11":"first","12":"instock","13":"shipping-taxable","14":"purchasable","15":"product-type-simple"},"_links":{"self":[{"href":"https:\/\/createdbygabby.hu\/en\/wp-json\/wp\/v2\/product\/4313","targetHints":{"allow":["GET"]}}],"collection":[{"href":"https:\/\/createdbygabby.hu\/en\/wp-json\/wp\/v2\/product"}],"about":[{"href":"https:\/\/createdbygabby.hu\/en\/wp-json\/wp\/v2\/types\/product"}],"replies":[{"embeddable":true,"href":"https:\/\/createdbygabby.hu\/en\/wp-json\/wp\/v2\/comments?post=4313"}],"wp:featuredmedia":[{"embeddable":true,"href":"https:\/\/createdbygabby.hu\/en\/wp-json\/wp\/v2\/media\/4375"}],"wp:attachment":[{"href":"https:\/\/createdbygabby.hu\/en\/wp-json\/wp\/v2\/media?parent=4313"}],"wp:term":[{"taxonomy":"product_brand","embeddable":true,"href":"https:\/\/createdbygabby.hu\/en\/wp-json\/wp\/v2\/product_brand?post=4313"},{"taxonomy":"product_cat","embeddable":true,"href":"https:\/\/createdbygabby.hu\/en\/wp-json\/wp\/v2\/product_cat?post=4313"},{"taxonomy":"product_tag","embeddable":true,"href":"https:\/\/createdbygabby.hu\/en\/wp-json\/wp\/v2\/product_tag?post=4313"}],"curies":[{"name":"wp","href":"https:\/\/api.w.org\/{rel}","templated":true}]}}