{"id":4118,"date":"2026-03-24T18:15:05","date_gmt":"2026-03-24T17:15:05","guid":{"rendered":"https:\/\/createdbygabby.hu\/?post_type=product&#038;p=4118"},"modified":"2026-03-30T18:20:59","modified_gmt":"2026-03-30T16:20:59","slug":"hengeres-forma-segedvonal-rajzolasa","status":"publish","type":"product","link":"https:\/\/createdbygabby.hu\/en\/product\/hengeres-forma-segedvonal-rajzolasa\/","title":{"rendered":"Hengeres forma seg\u00e9dvonal rajzol\u00e1sa"},"content":{"rendered":"<p>A vide\u00f3ban megmutatom, hogyan tudod a hengeres form\u00e1t v\u00edzszintes, p\u00e1rhuzamos, egym\u00e1st\u00f3l ugyanolyan t\u00e1vols\u00e1g\u00fa seg\u00e9dvonallal megh\u00fazni, hogy t\u00f6k\u00e9letesen tudd p\u00f6tty\u00f6zni. Tedd a kosaradba, fizet\u00e9s ut\u00e1n elk\u00fcld\u00f6m a linket ahol megtudod n\u00e9zni b\u00e1rmikor \u00e9s tetsz\u00e9s szerint t\u00f6bbsz\u00f6r is. A tisztess\u00e9g kedv\u00e9\u00e9rt k\u00e9rlek m\u00e1snak ne k\u00fcld el, ezzel is t\u00e1mogatod a munk\u00e1m, k\u00f6sz\u00f6n\u00f6m sz\u00e9pen.<\/p>","protected":false},"excerpt":{"rendered":"<p>A vide\u00f3ban megmutatom, hogyan tudod a hengeres form\u00e1t v\u00edzszintes, p\u00e1rhuzamos, egym\u00e1st\u00f3l ugyanolyan t\u00e1vols\u00e1g\u00fa seg\u00e9dvonallal megh\u00fazni, hogy t\u00f6k\u00e9letesen tudd p\u00f6tty\u00f6zni. Tedd a kosaradba, fizet\u00e9s ut\u00e1n elk\u00fcld\u00f6m a linket ahol megtudod n\u00e9zni b\u00e1rmikor \u00e9s tetsz\u00e9s szerint t\u00f6bbsz\u00f6r is. A tisztess\u00e9g kedv\u00e9\u00e9rt k\u00e9rlek m\u00e1snak ne k\u00fcld el, ezzel is t\u00e1mogatod a munk\u00e1m, k\u00f6sz\u00f6n\u00f6m sz\u00e9pen.<\/p>","protected":false},"featured_media":4120,"comment_status":"open","ping_status":"closed","template":"","meta":{"site-sidebar-layout":"default","site-content-layout":"","ast-site-content-layout":"default","site-content-style":"default","site-sidebar-style":"default","ast-global-header-display":"","ast-banner-title-visibility":"","ast-main-header-display":"","ast-hfb-above-header-display":"","ast-hfb-below-header-display":"","ast-hfb-mobile-header-display":"","site-post-title":"","ast-breadcrumbs-content":"","ast-featured-img":"","footer-sml-layout":"","theme-transparent-header-meta":"default","adv-header-id-meta":"","stick-header-meta":"","header-above-stick-meta":"","header-main-stick-meta":"","header-below-stick-meta":"","astra-migrate-meta-layouts":"set","ast-page-background-enabled":"default","ast-page-background-meta":{"desktop":{"background-color":"var(--ast-global-color-5)","background-image":"","background-repeat":"repeat","background-position":"center center","background-size":"auto","background-attachment":"scroll","background-type":"","background-media":"","overlay-type":"","overlay-color":"","overlay-opacity":"","overlay-gradient":""},"tablet":{"background-color":"","background-image":"","background-repeat":"repeat","background-position":"center center","background-size":"auto","background-attachment":"scroll","background-type":"","background-media":"","overlay-type":"","overlay-color":"","overlay-opacity":"","overlay-gradient":""},"mobile":{"background-color":"","background-image":"","background-repeat":"repeat","background-position":"center center","background-size":"auto","background-attachment":"scroll","background-type":"","background-media":"","overlay-type":"","overlay-color":"","overlay-opacity":"","overlay-gradient":""}},"ast-content-background-meta":{"desktop":{"background-color":"var(--ast-global-color-4)","background-image":"","background-repeat":"repeat","background-position":"center center","background-size":"auto","background-attachment":"scroll","background-type":"","background-media":"","overlay-type":"","overlay-color":"","overlay-opacity":"","overlay-gradient":""},"tablet":{"background-color":"var(--ast-global-color-4)","background-image":"","background-repeat":"repeat","background-position":"center center","background-size":"auto","background-attachment":"scroll","background-type":"","background-media":"","overlay-type":"","overlay-color":"","overlay-opacity":"","overlay-gradient":""},"mobile":{"background-color":"var(--ast-global-color-4)","background-image":"","background-repeat":"repeat","background-position":"center center","background-size":"auto","background-attachment":"scroll","background-type":"","background-media":"","overlay-type":"","overlay-color":"","overlay-opacity":"","overlay-gradient":""}}},"product_brand":[],"product_cat":[91],"product_tag":[],"class_list":{"0":"post-4118","1":"product","2":"type-product","3":"status-publish","4":"has-post-thumbnail","6":"product_cat-digitalis-termekek","7":"desktop-align-left","8":"tablet-align-left","9":"mobile-align-left","11":"first","12":"instock","13":"downloadable","14":"virtual","15":"purchasable","16":"product-type-simple"},"_links":{"self":[{"href":"https:\/\/createdbygabby.hu\/en\/wp-json\/wp\/v2\/product\/4118","targetHints":{"allow":["GET"]}}],"collection":[{"href":"https:\/\/createdbygabby.hu\/en\/wp-json\/wp\/v2\/product"}],"about":[{"href":"https:\/\/createdbygabby.hu\/en\/wp-json\/wp\/v2\/types\/product"}],"replies":[{"embeddable":true,"href":"https:\/\/createdbygabby.hu\/en\/wp-json\/wp\/v2\/comments?post=4118"}],"wp:featuredmedia":[{"embeddable":true,"href":"https:\/\/createdbygabby.hu\/en\/wp-json\/wp\/v2\/media\/4120"}],"wp:attachment":[{"href":"https:\/\/createdbygabby.hu\/en\/wp-json\/wp\/v2\/media?parent=4118"}],"wp:term":[{"taxonomy":"product_brand","embeddable":true,"href":"https:\/\/createdbygabby.hu\/en\/wp-json\/wp\/v2\/product_brand?post=4118"},{"taxonomy":"product_cat","embeddable":true,"href":"https:\/\/createdbygabby.hu\/en\/wp-json\/wp\/v2\/product_cat?post=4118"},{"taxonomy":"product_tag","embeddable":true,"href":"https:\/\/createdbygabby.hu\/en\/wp-json\/wp\/v2\/product_tag?post=4118"}],"curies":[{"name":"wp","href":"https:\/\/api.w.org\/{rel}","templated":true}]}}