{"id":3445,"date":"2026-03-09T19:54:27","date_gmt":"2026-03-09T18:54:27","guid":{"rendered":"https:\/\/createdbygabby.hu\/?post_type=product&#038;p=3445"},"modified":"2026-03-27T17:28:36","modified_gmt":"2026-03-27T16:28:36","slug":"vonalzo-15-cm-es-6-inch","status":"publish","type":"product","link":"https:\/\/createdbygabby.hu\/en\/product\/vonalzo-15-cm-es-6-inch\/","title":{"rendered":"Vonalz\u00f3 15 cm-es, 6 inch"},"content":{"rendered":"<p>15 cm-es m\u0171anyag vonalz\u00f3 k\u00fcl\u00f6nb\u00f6z\u0151 sz\u00ednben. Centim\u00e9terben \u00e9s Inchben is jel\u00f6l.<\/p>\n<p>Sz\u00ednb\u0151l a k\u00e9szleten l\u00e9v\u0151b\u0151l v\u00e9letlen szer\u0171en ker\u00fcl k\u00fcld\u00e9sre, de ha ragaszkodsz egy sz\u00ednhez a rendel\u00e9s v\u00e9g\u00e9n a megjegyz\u00e9sbe \u00edrd bele k\u00e9rlek.<\/p>","protected":false},"excerpt":{"rendered":"<p>15 cm-es m\u0171anyag vonalz\u00f3 k\u00fcl\u00f6nb\u00f6z\u0151 sz\u00ednben. Centim\u00e9terben \u00e9s Inchben is jel\u00f6l. Sz\u00ednb\u0151l a k\u00e9szleten l\u00e9v\u0151b\u0151l v\u00e9letlen szer\u0171en ker\u00fcl k\u00fcld\u00e9sre, de ha ragaszkodsz egy sz\u00ednhez a rendel\u00e9s v\u00e9g\u00e9n a megjegyz\u00e9sbe \u00edrd bele k\u00e9rlek.<\/p>","protected":false},"featured_media":3446,"comment_status":"open","ping_status":"closed","template":"","meta":{"site-sidebar-layout":"default","site-content-layout":"","ast-site-content-layout":"default","site-content-style":"default","site-sidebar-style":"default","ast-global-header-display":"","ast-banner-title-visibility":"","ast-main-header-display":"","ast-hfb-above-header-display":"","ast-hfb-below-header-display":"","ast-hfb-mobile-header-display":"","site-post-title":"","ast-breadcrumbs-content":"","ast-featured-img":"","footer-sml-layout":"","theme-transparent-header-meta":"default","adv-header-id-meta":"","stick-header-meta":"","header-above-stick-meta":"","header-main-stick-meta":"","header-below-stick-meta":"","astra-migrate-meta-layouts":"set","ast-page-background-enabled":"default","ast-page-background-meta":{"desktop":{"background-color":"var(--ast-global-color-5)","background-image":"","background-repeat":"repeat","background-position":"center center","background-size":"auto","background-attachment":"scroll","background-type":"","background-media":"","overlay-type":"","overlay-color":"","overlay-opacity":"","overlay-gradient":""},"tablet":{"background-color":"","background-image":"","background-repeat":"repeat","background-position":"center center","background-size":"auto","background-attachment":"scroll","background-type":"","background-media":"","overlay-type":"","overlay-color":"","overlay-opacity":"","overlay-gradient":""},"mobile":{"background-color":"","background-image":"","background-repeat":"repeat","background-position":"center center","background-size":"auto","background-attachment":"scroll","background-type":"","background-media":"","overlay-type":"","overlay-color":"","overlay-opacity":"","overlay-gradient":""}},"ast-content-background-meta":{"desktop":{"background-color":"var(--ast-global-color-4)","background-image":"","background-repeat":"repeat","background-position":"center center","background-size":"auto","background-attachment":"scroll","background-type":"","background-media":"","overlay-type":"","overlay-color":"","overlay-opacity":"","overlay-gradient":""},"tablet":{"background-color":"var(--ast-global-color-4)","background-image":"","background-repeat":"repeat","background-position":"center center","background-size":"auto","background-attachment":"scroll","background-type":"","background-media":"","overlay-type":"","overlay-color":"","overlay-opacity":"","overlay-gradient":""},"mobile":{"background-color":"var(--ast-global-color-4)","background-image":"","background-repeat":"repeat","background-position":"center center","background-size":"auto","background-attachment":"scroll","background-type":"","background-media":"","overlay-type":"","overlay-color":"","overlay-opacity":"","overlay-gradient":""}}},"product_brand":[],"product_cat":[85],"product_tag":[],"class_list":{"0":"post-3445","1":"product","2":"type-product","3":"status-publish","4":"has-post-thumbnail","6":"product_cat-sablon-vonalzok","7":"desktop-align-left","8":"tablet-align-left","9":"mobile-align-left","11":"first","12":"instock","13":"shipping-taxable","14":"purchasable","15":"product-type-simple"},"_links":{"self":[{"href":"https:\/\/createdbygabby.hu\/en\/wp-json\/wp\/v2\/product\/3445","targetHints":{"allow":["GET"]}}],"collection":[{"href":"https:\/\/createdbygabby.hu\/en\/wp-json\/wp\/v2\/product"}],"about":[{"href":"https:\/\/createdbygabby.hu\/en\/wp-json\/wp\/v2\/types\/product"}],"replies":[{"embeddable":true,"href":"https:\/\/createdbygabby.hu\/en\/wp-json\/wp\/v2\/comments?post=3445"}],"wp:featuredmedia":[{"embeddable":true,"href":"https:\/\/createdbygabby.hu\/en\/wp-json\/wp\/v2\/media\/3446"}],"wp:attachment":[{"href":"https:\/\/createdbygabby.hu\/en\/wp-json\/wp\/v2\/media?parent=3445"}],"wp:term":[{"taxonomy":"product_brand","embeddable":true,"href":"https:\/\/createdbygabby.hu\/en\/wp-json\/wp\/v2\/product_brand?post=3445"},{"taxonomy":"product_cat","embeddable":true,"href":"https:\/\/createdbygabby.hu\/en\/wp-json\/wp\/v2\/product_cat?post=3445"},{"taxonomy":"product_tag","embeddable":true,"href":"https:\/\/createdbygabby.hu\/en\/wp-json\/wp\/v2\/product_tag?post=3445"}],"curies":[{"name":"wp","href":"https:\/\/api.w.org\/{rel}","templated":true}]}}