{"id":3423,"date":"2026-03-09T19:08:17","date_gmt":"2026-03-09T18:08:17","guid":{"rendered":"https:\/\/createdbygabby.hu\/?post_type=product&#038;p=3423"},"modified":"2026-04-02T11:32:32","modified_gmt":"2026-04-02T09:32:32","slug":"mozaik-tukor-leveel-forma","status":"publish","type":"product","link":"https:\/\/createdbygabby.hu\/en\/product\/mozaik-tukor-leveel-forma\/","title":{"rendered":"Mozaik t\u00fck\u00f6r &#8211; lev\u00e9l forma"},"content":{"rendered":"<p>50 db mini lev\u00e9l form\u00e1j\u00fa t\u00fck\u00f6r. \u00d6ntapad\u00f3s h\u00e1ts\u00f3 r\u00e9sszel \u00e9s a t\u00fckr\u00f6t is v\u00e9d\u0151 f\u00f3li\u00e1val, ez\u00fcst sz\u00ednben.<\/p>\n<p>Er\u0151s tapad\u00e1s\u00fa ez\u00e9rt aj\u00e1nlott prec\u00edzen felhelyezni. Haszn\u00e1lhat\u00f3 szinte minden fel\u00fcleten. Felhelyez\u00e9s ut\u00e1n a t\u00fck\u00f6rr\u0151l le kell h\u00fazni a v\u00e9d\u0151 f\u00f3li\u00e1t ami k\u00f6nnyen leh\u00fazhat\u00f3.<\/p>\n<p>&nbsp;<\/p>","protected":false},"excerpt":{"rendered":"<p>50 db mini lev\u00e9l form\u00e1j\u00fa t\u00fck\u00f6r. \u00d6ntapad\u00f3s h\u00e1ts\u00f3 r\u00e9sszel \u00e9s a t\u00fckr\u00f6t is v\u00e9d\u0151 f\u00f3li\u00e1val, ez\u00fcst sz\u00ednben. Er\u0151s tapad\u00e1s\u00fa ez\u00e9rt aj\u00e1nlott prec\u00edzen felhelyezni. Haszn\u00e1lhat\u00f3 szinte minden fel\u00fcleten. Felhelyez\u00e9s ut\u00e1n a t\u00fck\u00f6rr\u0151l le kell h\u00fazni a v\u00e9d\u0151 f\u00f3li\u00e1t ami k\u00f6nnyen leh\u00fazhat\u00f3. &nbsp;<\/p>","protected":false},"featured_media":3424,"comment_status":"open","ping_status":"closed","template":"","meta":{"site-sidebar-layout":"default","site-content-layout":"","ast-site-content-layout":"default","site-content-style":"default","site-sidebar-style":"default","ast-global-header-display":"","ast-banner-title-visibility":"","ast-main-header-display":"","ast-hfb-above-header-display":"","ast-hfb-below-header-display":"","ast-hfb-mobile-header-display":"","site-post-title":"","ast-breadcrumbs-content":"","ast-featured-img":"","footer-sml-layout":"","theme-transparent-header-meta":"default","adv-header-id-meta":"","stick-header-meta":"","header-above-stick-meta":"","header-main-stick-meta":"","header-below-stick-meta":"","astra-migrate-meta-layouts":"set","ast-page-background-enabled":"default","ast-page-background-meta":{"desktop":{"background-color":"var(--ast-global-color-5)","background-image":"","background-repeat":"repeat","background-position":"center center","background-size":"auto","background-attachment":"scroll","background-type":"","background-media":"","overlay-type":"","overlay-color":"","overlay-opacity":"","overlay-gradient":""},"tablet":{"background-color":"","background-image":"","background-repeat":"repeat","background-position":"center center","background-size":"auto","background-attachment":"scroll","background-type":"","background-media":"","overlay-type":"","overlay-color":"","overlay-opacity":"","overlay-gradient":""},"mobile":{"background-color":"","background-image":"","background-repeat":"repeat","background-position":"center center","background-size":"auto","background-attachment":"scroll","background-type":"","background-media":"","overlay-type":"","overlay-color":"","overlay-opacity":"","overlay-gradient":""}},"ast-content-background-meta":{"desktop":{"background-color":"var(--ast-global-color-4)","background-image":"","background-repeat":"repeat","background-position":"center center","background-size":"auto","background-attachment":"scroll","background-type":"","background-media":"","overlay-type":"","overlay-color":"","overlay-opacity":"","overlay-gradient":""},"tablet":{"background-color":"var(--ast-global-color-4)","background-image":"","background-repeat":"repeat","background-position":"center center","background-size":"auto","background-attachment":"scroll","background-type":"","background-media":"","overlay-type":"","overlay-color":"","overlay-opacity":"","overlay-gradient":""},"mobile":{"background-color":"var(--ast-global-color-4)","background-image":"","background-repeat":"repeat","background-position":"center center","background-size":"auto","background-attachment":"scroll","background-type":"","background-media":"","overlay-type":"","overlay-color":"","overlay-opacity":"","overlay-gradient":""}}},"product_brand":[],"product_cat":[84],"product_tag":[],"class_list":{"0":"post-3423","1":"product","2":"type-product","3":"status-publish","4":"has-post-thumbnail","6":"product_cat-tukrok","7":"desktop-align-left","8":"tablet-align-left","9":"mobile-align-left","11":"first","12":"instock","13":"shipping-taxable","14":"purchasable","15":"product-type-simple"},"_links":{"self":[{"href":"https:\/\/createdbygabby.hu\/en\/wp-json\/wp\/v2\/product\/3423","targetHints":{"allow":["GET"]}}],"collection":[{"href":"https:\/\/createdbygabby.hu\/en\/wp-json\/wp\/v2\/product"}],"about":[{"href":"https:\/\/createdbygabby.hu\/en\/wp-json\/wp\/v2\/types\/product"}],"replies":[{"embeddable":true,"href":"https:\/\/createdbygabby.hu\/en\/wp-json\/wp\/v2\/comments?post=3423"}],"wp:featuredmedia":[{"embeddable":true,"href":"https:\/\/createdbygabby.hu\/en\/wp-json\/wp\/v2\/media\/3424"}],"wp:attachment":[{"href":"https:\/\/createdbygabby.hu\/en\/wp-json\/wp\/v2\/media?parent=3423"}],"wp:term":[{"taxonomy":"product_brand","embeddable":true,"href":"https:\/\/createdbygabby.hu\/en\/wp-json\/wp\/v2\/product_brand?post=3423"},{"taxonomy":"product_cat","embeddable":true,"href":"https:\/\/createdbygabby.hu\/en\/wp-json\/wp\/v2\/product_cat?post=3423"},{"taxonomy":"product_tag","embeddable":true,"href":"https:\/\/createdbygabby.hu\/en\/wp-json\/wp\/v2\/product_tag?post=3423"}],"curies":[{"name":"wp","href":"https:\/\/api.w.org\/{rel}","templated":true}]}}