{"id":1848,"date":"2025-12-15T22:40:08","date_gmt":"2025-12-15T21:40:08","guid":{"rendered":"https:\/\/createdbygabby.hu\/?post_type=product&#038;p=1848"},"modified":"2026-04-21T19:19:05","modified_gmt":"2026-04-21T17:19:05","slug":"coral-blush","status":"publish","type":"product","link":"https:\/\/createdbygabby.hu\/en\/product\/coral-blush\/","title":{"rendered":"Coral Blush"},"content":{"rendered":"<p>Az akrilfest\u00e9k egy vizesb\u00e1zis\u00fa fest\u00e9k, a decoart americana t\u00edpus is m\u00e1r j\u00f3l vizsg\u00e1zott t\u00f6bbf\u00e9le anyagon: f\u00e1n, v\u00e1sznon, m\u0171anyagon, m\u00e1zatlan \u00e9s m\u00e1zas ker\u00e1mi\u00e1n, k\u00f6v\u00f6n, hungarocellen, falon. Mivel vizesb\u00e1zis\u00fa haszn\u00e1lhatod pap\u00edron \u00e9s kezeletlen textilen is, de sz\u00e1molj vele, hogy a v\u00edztartalma miatt kiss\u00e9 \u00e1ztatja majd az alapokat. Nagyszer\u0171en haszn\u00e1lhat\u00f3 mandal\u00e1k fest\u00e9s\u00e9hez ez a pr\u00e9mium kateg\u00f3ri\u00e1s fest\u00e9k, ami az \u00e1llag\u00e1nak (k\u00f6zepesen s\u0171r\u0171) k\u00f6sz\u00f6nhet\u0151en csod\u00e1san fed, ter\u00fcl, \u00e9s j\u00f3l r\u00e9tegezhet\u0151 \u00e9s rendk\u00edv\u00fcl sok \u00e1rnyalatban kaphat\u00f3. Csak belt\u00e9ri haszn\u00e1latra aj\u00e1nlott! Viszkozit\u00e1sa: k\u00f6zepes. Ruh\u00e1r\u00f3l azonnal lemoshat\u00f3, de sz\u00e1rad\u00e1s ut\u00e1n m\u00e1r nyom n\u00e9lk\u00fcl nem. Haszn\u00e1lhatod ecsettel, szivaccsal, b\u00e9lyegz\u0151vel, pontoz\u00f3 eszk\u00f6zzel-f\u00e9m \u00e9s m\u0171anyag v\u00e9g\u0171vel is. Fel\u00fclette sz\u00e9p fed\u00e9st biztos\u00edt, b\u00e1r n\u00e9h\u00e1ny \u00e1rnyalat ett\u0151l elt\u00e9rhet. Amennyiben m\u00e1zas ker\u00e1mi\u00e1n szeretn\u00e9d haszn\u00e1lni t\u00e1j\u00e9koz\u00f3dj a hobby oldalamon a tan\u00e1csokr\u00f3l. Sz\u00e1rad\u00e1si id\u0151 egy r\u00e9tegben: kb: 20-30 perc. J\u00f3l r\u00e9tegezhet\u0151 de ebben az esetben t\u00f6bb nap is lehet a teljes sz\u00e1rad\u00e1si id\u0151, ami f\u00fcgg a h\u0151m\u00e9rs\u00e9klett\u0151l \u00e9s a p\u00e1ratartalomt\u00f3l. Lakkozhat\u00f3. T\u00f6bb t\u00edpusban is kaphat\u00f3: matt, met\u00e1l, szat\u00e9n, extra met\u00e1l.<\/p>\n<p>Haszn\u00e1lat el\u0151tt felr\u00e1zand\u00f3!<\/p>\n<p>Ha tov\u00e1bbi tippeket szeretn\u00e9l a felhaszn\u00e1l\u00e1s\u00e1hoz gyere a facebook oldalamra: <a href=\"https:\/\/www.facebook.com\/p\/Created-By-Gabby-61553670072498\/\">Kattints ide!<\/a><\/p>","protected":false},"excerpt":{"rendered":"<p style=\"font-weight: 400;\">Jellemz\u0151:<\/p>\n<ul>\n<li style=\"font-weight: 400;\">vizesb\u00e1zis\u00fa<\/li>\n<li style=\"font-weight: 400;\">k\u00f6zepes s\u0171r\u0171s\u00e9g\u0171<\/li>\n<li style=\"font-weight: 400;\">egy r\u00e9tegben gyorsan sz\u00e1rad<\/li>\n<li style=\"font-weight: 400;\">k\u00fcl\u00f6nb\u00f6z\u0151 fel\u00fcleteken is tapad<\/li>\n<li style=\"font-weight: 400;\">belt\u00e9ri haszn\u00e1latra<\/li>\n<li style=\"font-weight: 400;\">haszn\u00e1lhat\u00f3, ecsettel, szivaccsal, b\u00e9lyegz\u0151vel, pontoz\u00f3 eszk\u00f6zzel<\/li>\n<\/ul>\n<p>Felhaszn\u00e1l\u00e1s el\u0151tt felr\u00e1zand\u00f3!<\/p>","protected":false},"featured_media":2267,"comment_status":"open","ping_status":"closed","template":"","meta":{"site-sidebar-layout":"default","site-content-layout":"","ast-site-content-layout":"default","site-content-style":"default","site-sidebar-style":"default","ast-global-header-display":"","ast-banner-title-visibility":"","ast-main-header-display":"","ast-hfb-above-header-display":"","ast-hfb-below-header-display":"","ast-hfb-mobile-header-display":"","site-post-title":"","ast-breadcrumbs-content":"","ast-featured-img":"","footer-sml-layout":"","theme-transparent-header-meta":"default","adv-header-id-meta":"","stick-header-meta":"","header-above-stick-meta":"","header-main-stick-meta":"","header-below-stick-meta":"","astra-migrate-meta-layouts":"set","ast-page-background-enabled":"default","ast-page-background-meta":{"desktop":{"background-color":"var(--ast-global-color-5)","background-image":"","background-repeat":"repeat","background-position":"center center","background-size":"auto","background-attachment":"scroll","background-type":"","background-media":"","overlay-type":"","overlay-color":"","overlay-opacity":"","overlay-gradient":""},"tablet":{"background-color":"","background-image":"","background-repeat":"repeat","background-position":"center center","background-size":"auto","background-attachment":"scroll","background-type":"","background-media":"","overlay-type":"","overlay-color":"","overlay-opacity":"","overlay-gradient":""},"mobile":{"background-color":"","background-image":"","background-repeat":"repeat","background-position":"center center","background-size":"auto","background-attachment":"scroll","background-type":"","background-media":"","overlay-type":"","overlay-color":"","overlay-opacity":"","overlay-gradient":""}},"ast-content-background-meta":{"desktop":{"background-color":"var(--ast-global-color-4)","background-image":"","background-repeat":"repeat","background-position":"center center","background-size":"auto","background-attachment":"scroll","background-type":"","background-media":"","overlay-type":"","overlay-color":"","overlay-opacity":"","overlay-gradient":""},"tablet":{"background-color":"var(--ast-global-color-4)","background-image":"","background-repeat":"repeat","background-position":"center center","background-size":"auto","background-attachment":"scroll","background-type":"","background-media":"","overlay-type":"","overlay-color":"","overlay-opacity":"","overlay-gradient":""},"mobile":{"background-color":"var(--ast-global-color-4)","background-image":"","background-repeat":"repeat","background-position":"center center","background-size":"auto","background-attachment":"scroll","background-type":"","background-media":"","overlay-type":"","overlay-color":"","overlay-opacity":"","overlay-gradient":""}}},"product_brand":[],"product_cat":[54],"product_tag":[56],"class_list":{"0":"post-1848","1":"product","2":"type-product","3":"status-publish","4":"has-post-thumbnail","6":"product_cat-americana-gloss-enamels-2-oz","7":"product_tag-piros","8":"desktop-align-left","9":"tablet-align-left","10":"mobile-align-left","12":"first","13":"instock","14":"shipping-taxable","15":"purchasable","16":"product-type-simple"},"_links":{"self":[{"href":"https:\/\/createdbygabby.hu\/en\/wp-json\/wp\/v2\/product\/1848","targetHints":{"allow":["GET"]}}],"collection":[{"href":"https:\/\/createdbygabby.hu\/en\/wp-json\/wp\/v2\/product"}],"about":[{"href":"https:\/\/createdbygabby.hu\/en\/wp-json\/wp\/v2\/types\/product"}],"replies":[{"embeddable":true,"href":"https:\/\/createdbygabby.hu\/en\/wp-json\/wp\/v2\/comments?post=1848"}],"wp:featuredmedia":[{"embeddable":true,"href":"https:\/\/createdbygabby.hu\/en\/wp-json\/wp\/v2\/media\/2267"}],"wp:attachment":[{"href":"https:\/\/createdbygabby.hu\/en\/wp-json\/wp\/v2\/media?parent=1848"}],"wp:term":[{"taxonomy":"product_brand","embeddable":true,"href":"https:\/\/createdbygabby.hu\/en\/wp-json\/wp\/v2\/product_brand?post=1848"},{"taxonomy":"product_cat","embeddable":true,"href":"https:\/\/createdbygabby.hu\/en\/wp-json\/wp\/v2\/product_cat?post=1848"},{"taxonomy":"product_tag","embeddable":true,"href":"https:\/\/createdbygabby.hu\/en\/wp-json\/wp\/v2\/product_tag?post=1848"}],"curies":[{"name":"wp","href":"https:\/\/api.w.org\/{rel}","templated":true}]}}