{"id":1372,"date":"2025-12-13T20:37:38","date_gmt":"2025-12-13T19:37:38","guid":{"rendered":"https:\/\/createdbygabby.hu\/?post_type=product&#038;p=1372"},"modified":"2026-03-06T09:35:52","modified_gmt":"2026-03-06T08:35:52","slug":"kugel-golyo","status":"publish","type":"product","link":"https:\/\/createdbygabby.hu\/en\/product\/kugel-golyo\/","title":{"rendered":"Szilikon g\u00f6mb forma m\u00e9csestart\u00f3 10 cm"},"content":{"rendered":"<p><span dir=\"auto\">\u00c1tm\u00e9r\u0151: 10 cm<\/span><br \/>\n<span dir=\"auto\">Magass\u00e1g: 8,5 cm<\/span><br \/>\n<span dir=\"auto\">Forma \u0171rtartalma: 466 ml<\/span><\/p>\n<p><span dir=\"auto\">Ezzel a szilikon form\u00e1val gy\u00f6ny\u00f6r\u0171 m\u00e9csestart\u00f3t k\u00e9sz\u00edthetsz gipszb\u0151l vagy betonb\u00f3l, amit lefesthetsz.<\/span><\/p>\n<p><span dir=\"auto\">A forma rugalmas, \u00edgy a k\u0151 k\u00f6nnyen elt\u00e1vol\u00edthat\u00f3 bel\u0151le.<\/span><\/p>","protected":false},"excerpt":{"rendered":"<p>\u00c1tm\u00e9r\u0151: 10 cm Magass\u00e1g: 8,5 cm Forma \u0171rtartalma: 466 ml Ezzel a szilikon form\u00e1val gy\u00f6ny\u00f6r\u0171 m\u00e9csestart\u00f3t k\u00e9sz\u00edthetsz gipszb\u0151l vagy betonb\u00f3l, amit lefesthetsz. A forma rugalmas, \u00edgy a k\u0151 k\u00f6nnyen elt\u00e1vol\u00edthat\u00f3 bel\u0151le.<\/p>","protected":false},"featured_media":2580,"comment_status":"open","ping_status":"closed","template":"","meta":{"site-sidebar-layout":"default","site-content-layout":"","ast-site-content-layout":"default","site-content-style":"default","site-sidebar-style":"default","ast-global-header-display":"","ast-banner-title-visibility":"","ast-main-header-display":"","ast-hfb-above-header-display":"","ast-hfb-below-header-display":"","ast-hfb-mobile-header-display":"","site-post-title":"","ast-breadcrumbs-content":"","ast-featured-img":"","footer-sml-layout":"","theme-transparent-header-meta":"default","adv-header-id-meta":"","stick-header-meta":"","header-above-stick-meta":"","header-main-stick-meta":"","header-below-stick-meta":"","astra-migrate-meta-layouts":"set","ast-page-background-enabled":"default","ast-page-background-meta":{"desktop":{"background-color":"var(--ast-global-color-5)","background-image":"","background-repeat":"repeat","background-position":"center center","background-size":"auto","background-attachment":"scroll","background-type":"","background-media":"","overlay-type":"","overlay-color":"","overlay-opacity":"","overlay-gradient":""},"tablet":{"background-color":"","background-image":"","background-repeat":"repeat","background-position":"center center","background-size":"auto","background-attachment":"scroll","background-type":"","background-media":"","overlay-type":"","overlay-color":"","overlay-opacity":"","overlay-gradient":""},"mobile":{"background-color":"","background-image":"","background-repeat":"repeat","background-position":"center center","background-size":"auto","background-attachment":"scroll","background-type":"","background-media":"","overlay-type":"","overlay-color":"","overlay-opacity":"","overlay-gradient":""}},"ast-content-background-meta":{"desktop":{"background-color":"var(--ast-global-color-4)","background-image":"","background-repeat":"repeat","background-position":"center center","background-size":"auto","background-attachment":"scroll","background-type":"","background-media":"","overlay-type":"","overlay-color":"","overlay-opacity":"","overlay-gradient":""},"tablet":{"background-color":"var(--ast-global-color-4)","background-image":"","background-repeat":"repeat","background-position":"center center","background-size":"auto","background-attachment":"scroll","background-type":"","background-media":"","overlay-type":"","overlay-color":"","overlay-opacity":"","overlay-gradient":""},"mobile":{"background-color":"var(--ast-global-color-4)","background-image":"","background-repeat":"repeat","background-position":"center center","background-size":"auto","background-attachment":"scroll","background-type":"","background-media":"","overlay-type":"","overlay-color":"","overlay-opacity":"","overlay-gradient":""}}},"product_brand":[],"product_cat":[21],"product_tag":[],"class_list":{"0":"post-1372","1":"product","2":"type-product","3":"status-publish","4":"has-post-thumbnail","6":"product_cat-szilikonformak","7":"desktop-align-left","8":"tablet-align-left","9":"mobile-align-left","11":"first","12":"instock","13":"shipping-taxable","14":"purchasable","15":"product-type-simple"},"_links":{"self":[{"href":"https:\/\/createdbygabby.hu\/en\/wp-json\/wp\/v2\/product\/1372","targetHints":{"allow":["GET"]}}],"collection":[{"href":"https:\/\/createdbygabby.hu\/en\/wp-json\/wp\/v2\/product"}],"about":[{"href":"https:\/\/createdbygabby.hu\/en\/wp-json\/wp\/v2\/types\/product"}],"replies":[{"embeddable":true,"href":"https:\/\/createdbygabby.hu\/en\/wp-json\/wp\/v2\/comments?post=1372"}],"wp:featuredmedia":[{"embeddable":true,"href":"https:\/\/createdbygabby.hu\/en\/wp-json\/wp\/v2\/media\/2580"}],"wp:attachment":[{"href":"https:\/\/createdbygabby.hu\/en\/wp-json\/wp\/v2\/media?parent=1372"}],"wp:term":[{"taxonomy":"product_brand","embeddable":true,"href":"https:\/\/createdbygabby.hu\/en\/wp-json\/wp\/v2\/product_brand?post=1372"},{"taxonomy":"product_cat","embeddable":true,"href":"https:\/\/createdbygabby.hu\/en\/wp-json\/wp\/v2\/product_cat?post=1372"},{"taxonomy":"product_tag","embeddable":true,"href":"https:\/\/createdbygabby.hu\/en\/wp-json\/wp\/v2\/product_tag?post=1372"}],"curies":[{"name":"wp","href":"https:\/\/api.w.org\/{rel}","templated":true}]}}