{"id":1367,"date":"2025-12-13T20:37:37","date_gmt":"2025-12-13T19:37:37","guid":{"rendered":"https:\/\/createdbygabby.hu\/?post_type=product&#038;p=1367"},"modified":"2026-04-18T11:16:32","modified_gmt":"2026-04-18T09:16:32","slug":"15-cm","status":"publish","type":"product","link":"https:\/\/createdbygabby.hu\/en\/product\/15-cm\/","title":{"rendered":"Szilikon mandalak\u0151 forma 15 cm"},"content":{"rendered":"<p><span dir=\"auto\">\u00c1tm\u00e9r\u0151: 15,5 cm<\/span><br \/>\n<span dir=\"auto\">Magass\u00e1g: 5,5 cm<\/span><br \/>\n<span dir=\"auto\">Forma \u0171rtartalma: 762 ml<\/span><\/p>\n<p><span dir=\"auto\">Ezzel a szilikon form\u00e1val nagym\u00e9ret\u0171, gipszb\u0151l vagy betonb\u00f3l k\u00e9sz\u00edthetsz fest\u00e9sre sz\u00e1nt k\u00f6veket.\u00a0<\/span><span dir=\"auto\">A k\u0151 k\u00f6zep\u00e9n egy jel\u00f6l\u00e9s tal\u00e1lhat\u00f3.<\/span><\/p>\n<p><span dir=\"auto\">A forma rugalmas, \u00edgy a k\u00f6vek k\u00f6nnyen elt\u00e1vol\u00edthat\u00f3k bel\u0151le.<\/span><\/p>","protected":false},"excerpt":{"rendered":"<p>\u00c1tm\u00e9r\u0151: 15,5 cm Magass\u00e1g: 5,5 cm Forma \u0171rtartalma: 762 ml Ezzel a szilikon form\u00e1val nagym\u00e9ret\u0171, gipszb\u0151l vagy betonb\u00f3l k\u00e9sz\u00edthetsz fest\u00e9sre sz\u00e1nt k\u00f6veket.\u00a0A k\u0151 k\u00f6zep\u00e9n egy jel\u00f6l\u00e9s tal\u00e1lhat\u00f3. A forma rugalmas, \u00edgy a k\u00f6vek k\u00f6nnyen elt\u00e1vol\u00edthat\u00f3k bel\u0151le.<\/p>","protected":false},"featured_media":2600,"comment_status":"open","ping_status":"closed","template":"","meta":{"site-sidebar-layout":"default","site-content-layout":"","ast-site-content-layout":"default","site-content-style":"default","site-sidebar-style":"default","ast-global-header-display":"","ast-banner-title-visibility":"","ast-main-header-display":"","ast-hfb-above-header-display":"","ast-hfb-below-header-display":"","ast-hfb-mobile-header-display":"","site-post-title":"","ast-breadcrumbs-content":"","ast-featured-img":"","footer-sml-layout":"","theme-transparent-header-meta":"default","adv-header-id-meta":"","stick-header-meta":"","header-above-stick-meta":"","header-main-stick-meta":"","header-below-stick-meta":"","astra-migrate-meta-layouts":"set","ast-page-background-enabled":"default","ast-page-background-meta":{"desktop":{"background-color":"var(--ast-global-color-5)","background-image":"","background-repeat":"repeat","background-position":"center center","background-size":"auto","background-attachment":"scroll","background-type":"","background-media":"","overlay-type":"","overlay-color":"","overlay-opacity":"","overlay-gradient":""},"tablet":{"background-color":"","background-image":"","background-repeat":"repeat","background-position":"center center","background-size":"auto","background-attachment":"scroll","background-type":"","background-media":"","overlay-type":"","overlay-color":"","overlay-opacity":"","overlay-gradient":""},"mobile":{"background-color":"","background-image":"","background-repeat":"repeat","background-position":"center center","background-size":"auto","background-attachment":"scroll","background-type":"","background-media":"","overlay-type":"","overlay-color":"","overlay-opacity":"","overlay-gradient":""}},"ast-content-background-meta":{"desktop":{"background-color":"var(--ast-global-color-4)","background-image":"","background-repeat":"repeat","background-position":"center center","background-size":"auto","background-attachment":"scroll","background-type":"","background-media":"","overlay-type":"","overlay-color":"","overlay-opacity":"","overlay-gradient":""},"tablet":{"background-color":"var(--ast-global-color-4)","background-image":"","background-repeat":"repeat","background-position":"center center","background-size":"auto","background-attachment":"scroll","background-type":"","background-media":"","overlay-type":"","overlay-color":"","overlay-opacity":"","overlay-gradient":""},"mobile":{"background-color":"var(--ast-global-color-4)","background-image":"","background-repeat":"repeat","background-position":"center center","background-size":"auto","background-attachment":"scroll","background-type":"","background-media":"","overlay-type":"","overlay-color":"","overlay-opacity":"","overlay-gradient":""}}},"product_brand":[],"product_cat":[21],"product_tag":[],"class_list":{"0":"post-1367","1":"product","2":"type-product","3":"status-publish","4":"has-post-thumbnail","6":"product_cat-szilikonformak","7":"desktop-align-left","8":"tablet-align-left","9":"mobile-align-left","11":"first","12":"outofstock","13":"shipping-taxable","14":"purchasable","15":"product-type-simple"},"_links":{"self":[{"href":"https:\/\/createdbygabby.hu\/en\/wp-json\/wp\/v2\/product\/1367","targetHints":{"allow":["GET"]}}],"collection":[{"href":"https:\/\/createdbygabby.hu\/en\/wp-json\/wp\/v2\/product"}],"about":[{"href":"https:\/\/createdbygabby.hu\/en\/wp-json\/wp\/v2\/types\/product"}],"replies":[{"embeddable":true,"href":"https:\/\/createdbygabby.hu\/en\/wp-json\/wp\/v2\/comments?post=1367"}],"wp:featuredmedia":[{"embeddable":true,"href":"https:\/\/createdbygabby.hu\/en\/wp-json\/wp\/v2\/media\/2600"}],"wp:attachment":[{"href":"https:\/\/createdbygabby.hu\/en\/wp-json\/wp\/v2\/media?parent=1367"}],"wp:term":[{"taxonomy":"product_brand","embeddable":true,"href":"https:\/\/createdbygabby.hu\/en\/wp-json\/wp\/v2\/product_brand?post=1367"},{"taxonomy":"product_cat","embeddable":true,"href":"https:\/\/createdbygabby.hu\/en\/wp-json\/wp\/v2\/product_cat?post=1367"},{"taxonomy":"product_tag","embeddable":true,"href":"https:\/\/createdbygabby.hu\/en\/wp-json\/wp\/v2\/product_tag?post=1367"}],"curies":[{"name":"wp","href":"https:\/\/api.w.org\/{rel}","templated":true}]}}