{"id":1332,"date":"2025-12-13T19:49:11","date_gmt":"2025-12-13T18:49:11","guid":{"rendered":"https:\/\/createdbygabby.hu\/?post_type=product&#038;p=1332"},"modified":"2026-03-27T17:57:18","modified_gmt":"2026-03-27T16:57:18","slug":"grey-mist","status":"publish","type":"product","link":"https:\/\/createdbygabby.hu\/en\/product\/grey-mist\/","title":{"rendered":"Grey Mist"},"content":{"rendered":"<p>Fantasztikus Nuvo Jewel Drops cseppjeink \u00f6nter\u00fcl\u0151, 3 dimenzion\u00e1lis p\u00f6ttyd\u00edsz\u00edt\u00e9st hoznak l\u00e9tre \u00e1ttetsz\u0151 fel\u00fclettel. A visszafogott \u00e1rnyalatok l\u00e1gyabb hat\u00e1st k\u00f6lcs\u00f6n\u00f6znek a mint\u00e1dnak. A Nuvo Jewel Drop formula kem\u00e9nyen sz\u00e1rad. Ide\u00e1lisak egyedi, vegyes technik\u00e1j\u00fa p\u00f6tty\u00f6k k\u00e9sz\u00edt\u00e9s\u00e9hez. A Jewel Drops cseppeket tapad\u00e1smentes lapokon vagy \u00fcvegen is haszn\u00e1lhatod, hagyd megsz\u00e1radni, majd vedd ki, hogy k\u00e9s\u0151bbi projektedben felhaszn\u00e1lhasd. Haszn\u00e1lhatod: f\u00e1ra, v\u00e1szonra, m\u0171anyagra, \u00fcvegre, f\u00e9mre.<\/p>","protected":false},"excerpt":{"rendered":"<p style=\"font-weight: 400;\">F\u0151bb jellemz\u0151k:<\/p>\n<ul>\n<li style=\"font-weight: 400;\">30 ml-es \u00fcveg<\/li>\n<li style=\"font-weight: 400;\">\u00c1ttetsz\u0151 fel\u00fclet<\/li>\n<li style=\"font-weight: 400;\">Minden csepp t\u00f6k\u00e9letes kupol\u00e1s hat\u00e1st hoz l\u00e9tre<\/li>\n<li style=\"font-weight: 400;\">A formula er\u0151sen sz\u00e1rad a tart\u00f3ss\u00e1g \u00e9rdek\u00e9ben<\/li>\n<li style=\"font-weight: 400;\">Prec\u00edzi\u00f3s f\u00fav\u00f3ka a szab\u00e1lyozott felvitel \u00e9rdek\u00e9ben<\/li>\n<li style=\"font-weight: 400;\">K\u00f6nnyen \u00f6sszenyomhat\u00f3 palack<\/li>\n<li style=\"font-weight: 400;\">T\u00f6bbf\u00e9le sz\u00ednben kaphat\u00f3<\/li>\n<\/ul>","protected":false},"featured_media":1990,"comment_status":"open","ping_status":"closed","template":"","meta":{"site-sidebar-layout":"default","site-content-layout":"","ast-site-content-layout":"default","site-content-style":"default","site-sidebar-style":"default","ast-global-header-display":"","ast-banner-title-visibility":"","ast-main-header-display":"","ast-hfb-above-header-display":"","ast-hfb-below-header-display":"","ast-hfb-mobile-header-display":"","site-post-title":"","ast-breadcrumbs-content":"","ast-featured-img":"","footer-sml-layout":"","theme-transparent-header-meta":"default","adv-header-id-meta":"","stick-header-meta":"","header-above-stick-meta":"","header-main-stick-meta":"","header-below-stick-meta":"","astra-migrate-meta-layouts":"set","ast-page-background-enabled":"default","ast-page-background-meta":{"desktop":{"background-color":"var(--ast-global-color-5)","background-image":"","background-repeat":"repeat","background-position":"center center","background-size":"auto","background-attachment":"scroll","background-type":"","background-media":"","overlay-type":"","overlay-color":"","overlay-opacity":"","overlay-gradient":""},"tablet":{"background-color":"","background-image":"","background-repeat":"repeat","background-position":"center center","background-size":"auto","background-attachment":"scroll","background-type":"","background-media":"","overlay-type":"","overlay-color":"","overlay-opacity":"","overlay-gradient":""},"mobile":{"background-color":"","background-image":"","background-repeat":"repeat","background-position":"center center","background-size":"auto","background-attachment":"scroll","background-type":"","background-media":"","overlay-type":"","overlay-color":"","overlay-opacity":"","overlay-gradient":""}},"ast-content-background-meta":{"desktop":{"background-color":"var(--ast-global-color-4)","background-image":"","background-repeat":"repeat","background-position":"center center","background-size":"auto","background-attachment":"scroll","background-type":"","background-media":"","overlay-type":"","overlay-color":"","overlay-opacity":"","overlay-gradient":""},"tablet":{"background-color":"var(--ast-global-color-4)","background-image":"","background-repeat":"repeat","background-position":"center center","background-size":"auto","background-attachment":"scroll","background-type":"","background-media":"","overlay-type":"","overlay-color":"","overlay-opacity":"","overlay-gradient":""},"mobile":{"background-color":"var(--ast-global-color-4)","background-image":"","background-repeat":"repeat","background-position":"center center","background-size":"auto","background-attachment":"scroll","background-type":"","background-media":"","overlay-type":"","overlay-color":"","overlay-opacity":"","overlay-gradient":""}}},"product_brand":[],"product_cat":[26],"product_tag":[64],"class_list":{"0":"post-1332","1":"product","2":"type-product","3":"status-publish","4":"has-post-thumbnail","6":"product_cat-jewel-drops","7":"product_tag-szurke","8":"desktop-align-left","9":"tablet-align-left","10":"mobile-align-left","12":"first","13":"outofstock","14":"shipping-taxable","15":"purchasable","16":"product-type-simple"},"_links":{"self":[{"href":"https:\/\/createdbygabby.hu\/en\/wp-json\/wp\/v2\/product\/1332","targetHints":{"allow":["GET"]}}],"collection":[{"href":"https:\/\/createdbygabby.hu\/en\/wp-json\/wp\/v2\/product"}],"about":[{"href":"https:\/\/createdbygabby.hu\/en\/wp-json\/wp\/v2\/types\/product"}],"replies":[{"embeddable":true,"href":"https:\/\/createdbygabby.hu\/en\/wp-json\/wp\/v2\/comments?post=1332"}],"wp:featuredmedia":[{"embeddable":true,"href":"https:\/\/createdbygabby.hu\/en\/wp-json\/wp\/v2\/media\/1990"}],"wp:attachment":[{"href":"https:\/\/createdbygabby.hu\/en\/wp-json\/wp\/v2\/media?parent=1332"}],"wp:term":[{"taxonomy":"product_brand","embeddable":true,"href":"https:\/\/createdbygabby.hu\/en\/wp-json\/wp\/v2\/product_brand?post=1332"},{"taxonomy":"product_cat","embeddable":true,"href":"https:\/\/createdbygabby.hu\/en\/wp-json\/wp\/v2\/product_cat?post=1332"},{"taxonomy":"product_tag","embeddable":true,"href":"https:\/\/createdbygabby.hu\/en\/wp-json\/wp\/v2\/product_tag?post=1332"}],"curies":[{"name":"wp","href":"https:\/\/api.w.org\/{rel}","templated":true}]}}