{"id":1318,"date":"2025-12-13T19:49:09","date_gmt":"2025-12-13T18:49:09","guid":{"rendered":"https:\/\/createdbygabby.hu\/?post_type=product&#038;p=1318"},"modified":"2026-03-20T16:13:34","modified_gmt":"2026-03-20T15:13:34","slug":"blue-lagoon","status":"publish","type":"product","link":"https:\/\/createdbygabby.hu\/en\/product\/blue-lagoon\/","title":{"rendered":"Blue Lagoon"},"content":{"rendered":"<p>A Nuvo csill\u00e1mcseppek extra csillog\u00e1st k\u00f6lcs\u00f6n\u00f6znek projektjeidnek. Ezek az \u00f6nter\u00fcl\u0151, dimenzion\u00e1lis p\u00f6tty\u00f6k lekerek\u00edtett 3D form\u00e1ban sz\u00e1radnak, lehet\u0151v\u00e9 t\u00e9ve, hogy gy\u00f6ny\u00f6r\u0171en lekerek\u00edtett gy\u00f6ngy\u00f6kkel, csill\u00e1mpor hozz\u00e1adott ragyog\u00e1s\u00e1val. Gyorsan \u00e9s egyszer\u0171en haszn\u00e1lhatod, r\u00f6gt\u00f6n a flakonb\u00f3l nyomhatod a fel\u00fcletre. Csod\u00e1latos 3 dimenzi\u00f3s t\u00e9rbeli form\u00e1kat hozhatsz l\u00e9tre csill\u00e1mos kivitelben. Ak\u00e1r egyenesen a munk\u00e1dra vagy tapad\u00e1s mentes fel\u00fcletre is haszn\u00e1lhatod, ahonnan sz\u00e1rad\u00e1s ut\u00e1n \u00e1tteheted a munk\u00e1dra. Haszn\u00e1lhatod: f\u00e1ra, v\u00e1szonra, m\u0171anyagra, \u00fcvegre.<\/p>","protected":false},"excerpt":{"rendered":"<p style=\"font-weight: 400;\">F\u0151bb jellemz\u0151k:<\/p>\n<ul>\n<li style=\"font-weight: 400;\">30 ml-es \u00fcveg<\/li>\n<li style=\"font-weight: 400;\">Gy\u00f6ny\u00f6r\u0171 csillog\u00f3 fel\u00fcletet hozhat l\u00e9tre<\/li>\n<li style=\"font-weight: 400;\">Minden csepp t\u00f6k\u00e9letes kupol\u00e1s hat\u00e1st hoz l\u00e9tre<\/li>\n<li style=\"font-weight: 400;\">A formula er\u0151sen sz\u00e1rad a tart\u00f3ss\u00e1g biztos\u00edt\u00e1sa \u00e9rdek\u00e9ben<\/li>\n<li style=\"font-weight: 400;\">Prec\u00edzi\u00f3s f\u00fav\u00f3ka a szab\u00e1lyozott felvitel \u00e9rdek\u00e9ben<\/li>\n<li style=\"font-weight: 400;\">K\u00f6nnyen \u00f6sszenyomhat\u00f3 palack<\/li>\n<li style=\"font-weight: 400;\">Haszn\u00e1lhat\u00f3 szabadk\u00e9zi vagy sablonnal<\/li>\n<\/ul>","protected":false},"featured_media":2002,"comment_status":"open","ping_status":"closed","template":"","meta":{"site-sidebar-layout":"default","site-content-layout":"","ast-site-content-layout":"default","site-content-style":"default","site-sidebar-style":"default","ast-global-header-display":"","ast-banner-title-visibility":"","ast-main-header-display":"","ast-hfb-above-header-display":"","ast-hfb-below-header-display":"","ast-hfb-mobile-header-display":"","site-post-title":"","ast-breadcrumbs-content":"","ast-featured-img":"","footer-sml-layout":"","theme-transparent-header-meta":"default","adv-header-id-meta":"","stick-header-meta":"","header-above-stick-meta":"","header-main-stick-meta":"","header-below-stick-meta":"","astra-migrate-meta-layouts":"set","ast-page-background-enabled":"default","ast-page-background-meta":{"desktop":{"background-color":"var(--ast-global-color-5)","background-image":"","background-repeat":"repeat","background-position":"center center","background-size":"auto","background-attachment":"scroll","background-type":"","background-media":"","overlay-type":"","overlay-color":"","overlay-opacity":"","overlay-gradient":""},"tablet":{"background-color":"","background-image":"","background-repeat":"repeat","background-position":"center center","background-size":"auto","background-attachment":"scroll","background-type":"","background-media":"","overlay-type":"","overlay-color":"","overlay-opacity":"","overlay-gradient":""},"mobile":{"background-color":"","background-image":"","background-repeat":"repeat","background-position":"center center","background-size":"auto","background-attachment":"scroll","background-type":"","background-media":"","overlay-type":"","overlay-color":"","overlay-opacity":"","overlay-gradient":""}},"ast-content-background-meta":{"desktop":{"background-color":"var(--ast-global-color-4)","background-image":"","background-repeat":"repeat","background-position":"center center","background-size":"auto","background-attachment":"scroll","background-type":"","background-media":"","overlay-type":"","overlay-color":"","overlay-opacity":"","overlay-gradient":""},"tablet":{"background-color":"var(--ast-global-color-4)","background-image":"","background-repeat":"repeat","background-position":"center center","background-size":"auto","background-attachment":"scroll","background-type":"","background-media":"","overlay-type":"","overlay-color":"","overlay-opacity":"","overlay-gradient":""},"mobile":{"background-color":"var(--ast-global-color-4)","background-image":"","background-repeat":"repeat","background-position":"center center","background-size":"auto","background-attachment":"scroll","background-type":"","background-media":"","overlay-type":"","overlay-color":"","overlay-opacity":"","overlay-gradient":""}}},"product_brand":[],"product_cat":[25],"product_tag":[57],"class_list":{"0":"post-1318","1":"product","2":"type-product","3":"status-publish","4":"has-post-thumbnail","6":"product_cat-glitter-drops","7":"product_tag-kek","8":"desktop-align-left","9":"tablet-align-left","10":"mobile-align-left","12":"first","13":"instock","14":"shipping-taxable","15":"purchasable","16":"product-type-simple"},"_links":{"self":[{"href":"https:\/\/createdbygabby.hu\/en\/wp-json\/wp\/v2\/product\/1318","targetHints":{"allow":["GET"]}}],"collection":[{"href":"https:\/\/createdbygabby.hu\/en\/wp-json\/wp\/v2\/product"}],"about":[{"href":"https:\/\/createdbygabby.hu\/en\/wp-json\/wp\/v2\/types\/product"}],"replies":[{"embeddable":true,"href":"https:\/\/createdbygabby.hu\/en\/wp-json\/wp\/v2\/comments?post=1318"}],"wp:featuredmedia":[{"embeddable":true,"href":"https:\/\/createdbygabby.hu\/en\/wp-json\/wp\/v2\/media\/2002"}],"wp:attachment":[{"href":"https:\/\/createdbygabby.hu\/en\/wp-json\/wp\/v2\/media?parent=1318"}],"wp:term":[{"taxonomy":"product_brand","embeddable":true,"href":"https:\/\/createdbygabby.hu\/en\/wp-json\/wp\/v2\/product_brand?post=1318"},{"taxonomy":"product_cat","embeddable":true,"href":"https:\/\/createdbygabby.hu\/en\/wp-json\/wp\/v2\/product_cat?post=1318"},{"taxonomy":"product_tag","embeddable":true,"href":"https:\/\/createdbygabby.hu\/en\/wp-json\/wp\/v2\/product_tag?post=1318"}],"curies":[{"name":"wp","href":"https:\/\/api.w.org\/{rel}","templated":true}]}}