{"id":1299,"date":"2025-12-13T19:49:04","date_gmt":"2025-12-13T18:49:04","guid":{"rendered":"https:\/\/createdbygabby.hu\/?post_type=product&#038;p=1299"},"modified":"2026-04-16T18:11:23","modified_gmt":"2026-04-16T16:11:23","slug":"ebony-black","status":"publish","type":"product","link":"https:\/\/createdbygabby.hu\/en\/product\/ebony-black\/","title":{"rendered":"Ebony Black"},"content":{"rendered":"<p>Gyorsan \u00e9s egyszer\u0171en haszn\u00e1lhatod, r\u00f6gt\u00f6n a flakonb\u00f3l nyomhatod a fel\u00fcletre. Csod\u00e1latos 3 dimenzi\u00f3s t\u00e9rbeli form\u00e1kat hozhatsz l\u00e9tre. Ak\u00e1r egyenesen a munk\u00e1dra vagy tapad\u00e1s mentes fel\u00fcletre is haszn\u00e1lhatod, ahonnan sz\u00e1rad\u00e1s ut\u00e1n \u00e1tteheted a munk\u00e1dra. A Crystal Drops \u00f6nter\u00fcl\u0151 formul\u00e1ja biztos\u00edtja a lekerek\u00edtett pontokat, amelyek megtartj\u00e1k alakjukat \u00e9s sz\u00e1mos anyaghoz tapadnak. Haszn\u00e1lhatod: f\u00e1ra, v\u00e1szonra, m\u0171anyagra, \u00fcvegre, f\u00e9mre.<\/p>","protected":false},"excerpt":{"rendered":"<p style=\"font-weight: 400;\">F\u0151bb jellemz\u0151k:<\/p>\n<ul>\n<li style=\"font-weight: 400;\">30 ml-es \u00fcveg<\/li>\n<li style=\"font-weight: 400;\">Kaphat\u00f3 gy\u00f6ngyh\u00e1zf\u00e9ny\u0171 \u00e9s f\u00e9nyes kivitelben is<\/li>\n<li style=\"font-weight: 400;\">Minden csepp t\u00f6k\u00e9letes kupol\u00e1s hat\u00e1st hoz l\u00e9tre<\/li>\n<li style=\"font-weight: 400;\">A formula er\u0151sen sz\u00e1rad a tart\u00f3ss\u00e1g \u00e9rdek\u00e9ben<\/li>\n<li style=\"font-weight: 400;\">Prec\u00edzi\u00f3s f\u00fav\u00f3ka a szab\u00e1lyozott felvitel \u00e9rdek\u00e9ben <\/li>\n<li style=\"font-weight: 400;\">K\u00f6nnyen \u00f6sszenyomhat\u00f3 palack<\/li>\n<li style=\"font-weight: 400;\">677 csepp \u00fcvegenk\u00e9nt <\/li>\n<li style=\"font-weight: 400;\">Haszn\u00e1lhat\u00f3 szabadk\u00e9zzel vagy sablonokkal val\u00f3 \u00edr\u00e1shoz &#8211; Hihetetlen hat\u00e1st kelt<\/li>\n<li style=\"font-weight: 400;\">T\u00f6bbf\u00e9le sz\u00ednben kaphat\u00f3<\/li>\n<\/ul>","protected":false},"featured_media":2012,"comment_status":"open","ping_status":"closed","template":"","meta":{"site-sidebar-layout":"default","site-content-layout":"","ast-site-content-layout":"default","site-content-style":"default","site-sidebar-style":"default","ast-global-header-display":"","ast-banner-title-visibility":"","ast-main-header-display":"","ast-hfb-above-header-display":"","ast-hfb-below-header-display":"","ast-hfb-mobile-header-display":"","site-post-title":"","ast-breadcrumbs-content":"","ast-featured-img":"","footer-sml-layout":"","theme-transparent-header-meta":"default","adv-header-id-meta":"","stick-header-meta":"","header-above-stick-meta":"","header-main-stick-meta":"","header-below-stick-meta":"","astra-migrate-meta-layouts":"set","ast-page-background-enabled":"default","ast-page-background-meta":{"desktop":{"background-color":"var(--ast-global-color-5)","background-image":"","background-repeat":"repeat","background-position":"center center","background-size":"auto","background-attachment":"scroll","background-type":"","background-media":"","overlay-type":"","overlay-color":"","overlay-opacity":"","overlay-gradient":""},"tablet":{"background-color":"","background-image":"","background-repeat":"repeat","background-position":"center center","background-size":"auto","background-attachment":"scroll","background-type":"","background-media":"","overlay-type":"","overlay-color":"","overlay-opacity":"","overlay-gradient":""},"mobile":{"background-color":"","background-image":"","background-repeat":"repeat","background-position":"center center","background-size":"auto","background-attachment":"scroll","background-type":"","background-media":"","overlay-type":"","overlay-color":"","overlay-opacity":"","overlay-gradient":""}},"ast-content-background-meta":{"desktop":{"background-color":"var(--ast-global-color-4)","background-image":"","background-repeat":"repeat","background-position":"center center","background-size":"auto","background-attachment":"scroll","background-type":"","background-media":"","overlay-type":"","overlay-color":"","overlay-opacity":"","overlay-gradient":""},"tablet":{"background-color":"var(--ast-global-color-4)","background-image":"","background-repeat":"repeat","background-position":"center center","background-size":"auto","background-attachment":"scroll","background-type":"","background-media":"","overlay-type":"","overlay-color":"","overlay-opacity":"","overlay-gradient":""},"mobile":{"background-color":"var(--ast-global-color-4)","background-image":"","background-repeat":"repeat","background-position":"center center","background-size":"auto","background-attachment":"scroll","background-type":"","background-media":"","overlay-type":"","overlay-color":"","overlay-opacity":"","overlay-gradient":""}}},"product_brand":[],"product_cat":[23],"product_tag":[60],"class_list":{"0":"post-1299","1":"product","2":"type-product","3":"status-publish","4":"has-post-thumbnail","6":"product_cat-crystal-drops","7":"product_tag-fekete","8":"desktop-align-left","9":"tablet-align-left","10":"mobile-align-left","12":"first","13":"instock","14":"shipping-taxable","15":"purchasable","16":"product-type-simple"},"_links":{"self":[{"href":"https:\/\/createdbygabby.hu\/en\/wp-json\/wp\/v2\/product\/1299","targetHints":{"allow":["GET"]}}],"collection":[{"href":"https:\/\/createdbygabby.hu\/en\/wp-json\/wp\/v2\/product"}],"about":[{"href":"https:\/\/createdbygabby.hu\/en\/wp-json\/wp\/v2\/types\/product"}],"replies":[{"embeddable":true,"href":"https:\/\/createdbygabby.hu\/en\/wp-json\/wp\/v2\/comments?post=1299"}],"wp:featuredmedia":[{"embeddable":true,"href":"https:\/\/createdbygabby.hu\/en\/wp-json\/wp\/v2\/media\/2012"}],"wp:attachment":[{"href":"https:\/\/createdbygabby.hu\/en\/wp-json\/wp\/v2\/media?parent=1299"}],"wp:term":[{"taxonomy":"product_brand","embeddable":true,"href":"https:\/\/createdbygabby.hu\/en\/wp-json\/wp\/v2\/product_brand?post=1299"},{"taxonomy":"product_cat","embeddable":true,"href":"https:\/\/createdbygabby.hu\/en\/wp-json\/wp\/v2\/product_cat?post=1299"},{"taxonomy":"product_tag","embeddable":true,"href":"https:\/\/createdbygabby.hu\/en\/wp-json\/wp\/v2\/product_tag?post=1299"}],"curies":[{"name":"wp","href":"https:\/\/api.w.org\/{rel}","templated":true}]}}